{"id":24390,"date":"2025-01-10T15:01:53","date_gmt":"2025-01-10T15:01:53","guid":{"rendered":"https:\/\/codex-themes.com\/thegem\/business-multipurpose\/?page_id=24390"},"modified":"2025-01-27T08:04:28","modified_gmt":"2025-01-27T08:04:28","slug":"nous-contacter","status":"publish","type":"page","link":"https:\/\/vorcan.ca\/fr\/contact-us\/","title":{"rendered":"Contactez-nous"},"content":{"rendered":"<div class=\"wpb-content-wrapper\"><div id=\"vc_row-69fdd8a70c641\" class=\"vc_row wpb_row vc_row-fluid thegem-custom-69fdd8a70c61d4538\"><div class=\"wpb_column vc_column_container vc_col-sm-12 thegem-custom-69fdd8a70c8736234\" ><div class=\"vc_column-inner thegem-custom-inner-69fdd8a70c875\"><div class=\"wpb_wrapper thegem-custom-69fdd8a70c8736234\"><div class=\"clearboth\"><\/div><style>#thegem-divider-69fdd8a70ca6b {margin-top: 20px !important;}<\/style><div id=\"thegem-divider-69fdd8a70ca6b\" class=\"gem-divider\" style=\"\" ><\/div><div class=\"centered-box gem-image-centered-box\" ><div class=\"gem-image gem-wrapbox gem-wrapbox-style-default gem-wrapbox-position-centered  thegem-custom-69fdd8a70caaa9081\"  style=\"width: 70px;height: 70px;\" ><div class=\"gem-wrapbox-inner\" ><img class=\"gem-wrapbox-element img-responsive\" src=\"https:\/\/vorcan.ca\/wp-content\/uploads\/2025\/01\/vorcan-contact.png\" alt=\"\u00c0 propos de Vorcan Inc. Contactez-nous\"\/><\/div><style type=\"text\/css\">.thegem-custom-69fdd8a70caaa9081.gem-image a:hover img {filter: brightness( 100% ) contrast( 100% ) saturate( 100% ) blur( 0px ) hue-rotate( 0deg );}<\/style><\/div><\/div>\r\n\t\r\n\t\t<div class=\"wpb_text_column wpb_content_element  thegem-vc-text thegem-custom-69fdd8a70cfbd2780\"  >\r\n\t\t\t<div class=\"wpb_wrapper\">\r\n\t\t\t\t<div class=\"title-h2\" style=\"text-align: center;\"><span style=\"color: #000000;\">Contactez-nous<\/span><\/div>\n\r\n\t\t\t<\/div>\r\n\t\t\t<style>@media screen and (max-width: 1023px) {.thegem-vc-text.thegem-custom-69fdd8a70cfbd2780{display: block!important;}}@media screen and (max-width: 767px) {.thegem-vc-text.thegem-custom-69fdd8a70cfbd2780{display: block!important;}}@media screen and (max-width: 1023px) {.thegem-vc-text.thegem-custom-69fdd8a70cfbd2780{position: relative !important;}}@media screen and (max-width: 767px) {.thegem-vc-text.thegem-custom-69fdd8a70cfbd2780{position: relative !important;}}<\/style>\r\n\t\t<\/div>\r\n\t\r\n<div class=\"clearboth\"><\/div><style>#thegem-divider-69fdd8a70d07d {margin-top: 40px !important;}<\/style><div id=\"thegem-divider-69fdd8a70d07d\" class=\"gem-divider\" style=\"\" ><\/div>\r\n\t\r\n\t\t<div class=\"wpb_text_column wpb_content_element  thegem-vc-text thegem-custom-69fdd8a70d1326896\"  >\r\n\t\t\t<div class=\"wpb_wrapper\">\r\n\t\t\t\t<div class=\"styled-subtitle\" style=\"text-align: center;\"><span style=\"color: #000000;\">\u00c0 <strong>Vorcan<\/strong>, nous comprenons que chaque demande est unique. C'est pourquoi nous vous proposons trois fa\u00e7ons pratiques de nous contacter. Que vous soyez pr\u00eat \u00e0 transformer votre espace ou que vous exploriez simplement des options, notre \u00e9quipe est l\u00e0 pour vous aider \u00e0 chaque \u00e9tape.<\/span><\/div>\n\r\n\t\t\t<\/div>\r\n\t\t\t<style>@media screen and (max-width: 1023px) {.thegem-vc-text.thegem-custom-69fdd8a70d1326896{display: block!important;}}@media screen and (max-width: 767px) {.thegem-vc-text.thegem-custom-69fdd8a70d1326896{display: block!important;}}@media screen and (max-width: 1023px) {.thegem-vc-text.thegem-custom-69fdd8a70d1326896{position: relative !important;}}@media screen and (max-width: 767px) {.thegem-vc-text.thegem-custom-69fdd8a70d1326896{position: relative !important;}}<\/style>\r\n\t\t<\/div>\r\n\t\r\n<div class=\"clearboth\"><\/div><style>#thegem-divider-69fdd8a70d250 {margin-top: 40px !important;}<\/style><div id=\"thegem-divider-69fdd8a70d250\" class=\"gem-divider\" style=\"\" ><\/div><\/div><\/div><\/div><\/div><div id=\"vc_row-69fdd8a70d4b6\" class=\"vc_row wpb_row vc_row-fluid thegem-custom-69fdd8a70d4aa1500 vc_column-gap-15 vc_row-o-equal-height vc_row-flex\"><div class=\"wpb_column vc_column_container vc_col-sm-12 vc_col-lg-6 vc_col-md-6 vc_col-xs-12 thegem-custom-69fdd8a70d67d3618 vc_col-has-fill\" ><div class=\"vc_column-inner thegem-custom-inner-69fdd8a70d67e vc_custom_1737960173953\"><div class=\"wpb_wrapper thegem-custom-69fdd8a70d67d3618\"><div class=\"clearboth\"><\/div><style>#thegem-divider-69fdd8a70d743 {margin-top: 20px !important;}<\/style><div id=\"thegem-divider-69fdd8a70d743\" class=\"gem-divider\" style=\"\" ><\/div><div class=\"centered-box gem-image-centered-box\" ><div class=\"gem-image gem-wrapbox gem-wrapbox-style-default gem-wrapbox-position-centered  thegem-custom-69fdd8a70d76a6868\"  style=\"width: 50px;height: 50px;\" ><div class=\"gem-wrapbox-inner\" ><img class=\"gem-wrapbox-element img-responsive\" src=\"https:\/\/vorcan.ca\/wp-content\/uploads\/2025\/01\/advice_10926297.png\" alt=\"\u00c0 propos de Vorcan Inc. Contactez-nous\"\/><\/div><style type=\"text\/css\">.thegem-custom-69fdd8a70d76a6868.gem-image a:hover img {filter: brightness( 100% ) contrast( 100% ) saturate( 100% ) blur( 0px ) hue-rotate( 0deg );}<\/style><\/div><\/div>\r\n\t\r\n\t\t<div class=\"wpb_text_column wpb_content_element  thegem-vc-text thegem-custom-69fdd8a70dbc96685\"  >\r\n\t\t\t<div class=\"wpb_wrapper\">\r\n\t\t\t\t<div class=\"title-h5\" style=\"text-align: center;\"><span style=\"color: #000000;\">Demander un devis<\/span><\/div>\n\r\n\t\t\t<\/div>\r\n\t\t\t<style>@media screen and (max-width: 1023px) {.thegem-vc-text.thegem-custom-69fdd8a70dbc96685{display: block!important;}}@media screen and (max-width: 767px) {.thegem-vc-text.thegem-custom-69fdd8a70dbc96685{display: block!important;}}@media screen and (max-width: 1023px) {.thegem-vc-text.thegem-custom-69fdd8a70dbc96685{position: relative !important;}}@media screen and (max-width: 767px) {.thegem-vc-text.thegem-custom-69fdd8a70dbc96685{position: relative !important;}}<\/style>\r\n\t\t<\/div>\r\n\t\r\n<div class=\"clearboth\"><\/div><style>#thegem-divider-69fdd8a70dc62 {margin-top: 20px !important;}<\/style><div id=\"thegem-divider-69fdd8a70dc62\" class=\"gem-divider\" style=\"\" ><\/div>\r\n\t\r\n\t\t<div class=\"wpb_text_column wpb_content_element  thegem-vc-text thegem-custom-69fdd8a70dd043577\"  >\r\n\t\t\t<div class=\"wpb_wrapper\">\r\n\t\t\t\t<p style=\"text-align: center;\"><span style=\"color: #000000;\">Pour un devis personnalis\u00e9 adapt\u00e9 \u00e0 vos besoins sp\u00e9cifiques, veuillez utiliser <strong><a style=\"color: #000000;\" href=\"#quote\">Demander un devis<\/a><\/strong>\u00a0formulaire situ\u00e9 dans le pied de page de chaque page. Remplissez-le avec vos coordonn\u00e9es et les exigences de votre projet, et l'un de nos experts vous contactera rapidement avec une proposition personnalis\u00e9e.<\/span><\/p>\n\r\n\t\t\t<\/div>\r\n\t\t\t<style>@media screen and (max-width: 1023px) {.thegem-vc-text.thegem-custom-69fdd8a70dd043577{display: block!important;}}@media screen and (max-width: 767px) {.thegem-vc-text.thegem-custom-69fdd8a70dd043577{display: block!important;}}@media screen and (max-width: 1023px) {.thegem-vc-text.thegem-custom-69fdd8a70dd043577{position: relative !important;}}@media screen and (max-width: 767px) {.thegem-vc-text.thegem-custom-69fdd8a70dd043577{position: relative !important;}}<\/style>\r\n\t\t<\/div>\r\n\t\r\n<div class=\"clearboth\"><\/div><style>#thegem-divider-69fdd8a70dd98 {margin-top: 20px !important;}<\/style><div id=\"thegem-divider-69fdd8a70dd98\" class=\"gem-divider\" style=\"\" ><\/div><\/div><\/div><\/div><div class=\"wpb_column vc_column_container vc_col-sm-12 vc_col-lg-6 vc_col-md-6 vc_col-xs-12 thegem-custom-69fdd8a70df2c9945 vc_col-has-fill\" ><div class=\"vc_column-inner thegem-custom-inner-69fdd8a70df2e vc_custom_1737960182976\"><div class=\"wpb_wrapper thegem-custom-69fdd8a70df2c9945\"><div class=\"clearboth\"><\/div><style>#thegem-divider-69fdd8a70dfdf {margin-top: 20px !important;}<\/style><div id=\"thegem-divider-69fdd8a70dfdf\" class=\"gem-divider\" style=\"\" ><\/div><div class=\"centered-box gem-image-centered-box\" ><div class=\"gem-image gem-wrapbox gem-wrapbox-style-default gem-wrapbox-position-centered  thegem-custom-69fdd8a70e0013010\"  style=\"width: 50px;height: 50px;\" ><div class=\"gem-wrapbox-inner\" ><img class=\"gem-wrapbox-element img-responsive\" src=\"https:\/\/vorcan.ca\/wp-content\/uploads\/2025\/01\/phone-call_3735412.png\" alt=\"\u00c0 propos de Vorcan Inc. Contactez-nous\"\/><\/div><style type=\"text\/css\">.thegem-custom-69fdd8a70e0013010.gem-image a:hover img {filter: brightness( 100% ) contrast( 100% ) saturate( 100% ) blur( 0px ) hue-rotate( 0deg );}<\/style><\/div><\/div>\r\n\t\r\n\t\t<div class=\"wpb_text_column wpb_content_element  thegem-vc-text thegem-custom-69fdd8a70e4803390\"  >\r\n\t\t\t<div class=\"wpb_wrapper\">\r\n\t\t\t\t<div class=\"title-h5\" style=\"text-align: center;\"><span style=\"color: #000000;\">Appelez-nous<\/span><\/div>\n\r\n\t\t\t<\/div>\r\n\t\t\t<style>@media screen and (max-width: 1023px) {.thegem-vc-text.thegem-custom-69fdd8a70e4803390{display: block!important;}}@media screen and (max-width: 767px) {.thegem-vc-text.thegem-custom-69fdd8a70e4803390{display: block!important;}}@media screen and (max-width: 1023px) {.thegem-vc-text.thegem-custom-69fdd8a70e4803390{position: relative !important;}}@media screen and (max-width: 767px) {.thegem-vc-text.thegem-custom-69fdd8a70e4803390{position: relative !important;}}<\/style>\r\n\t\t<\/div>\r\n\t\r\n<div class=\"clearboth\"><\/div><style>#thegem-divider-69fdd8a70e518 {margin-top: 20px !important;}<\/style><div id=\"thegem-divider-69fdd8a70e518\" class=\"gem-divider\" style=\"\" ><\/div>\r\n\t\r\n\t\t<div class=\"wpb_text_column wpb_content_element  thegem-vc-text thegem-custom-69fdd8a70e5c97994\"  >\r\n\t\t\t<div class=\"wpb_wrapper\">\r\n\t\t\t\t<p style=\"text-align: center;\"><span style=\"color: #000000;\">Pr\u00e9f\u00e9rez-vous parler directement avec un membre de notre \u00e9quipe ?<\/span><\/p>\n<p style=\"text-align: center;\"><span style=\"color: #000000;\">Appelez-nous au <strong><a style=\"color: #000000;\" href=\"tel:5147140389\">514 714 \u2013 0389<\/a><\/strong><\/span><\/p>\n<p style=\"text-align: center;\"><span style=\"color: #000000;\">Notre personnel amical est \u00e0 votre disposition pour r\u00e9pondre \u00e0 vos questions, vous fournir des conseils d'experts et vous guider \u00e0 travers notre gamme de produits et services.<\/span><\/p>\n\r\n\t\t\t<\/div>\r\n\t\t\t<style>@media screen and (max-width: 1023px) {.thegem-vc-text.thegem-custom-69fdd8a70e5c97994{display: block!important;}}@media screen and (max-width: 767px) {.thegem-vc-text.thegem-custom-69fdd8a70e5c97994{display: block!important;}}@media screen and (max-width: 1023px) {.thegem-vc-text.thegem-custom-69fdd8a70e5c97994{position: relative !important;}}@media screen and (max-width: 767px) {.thegem-vc-text.thegem-custom-69fdd8a70e5c97994{position: relative !important;}}<\/style>\r\n\t\t<\/div>\r\n\t\r\n<div class=\"clearboth\"><\/div><style>#thegem-divider-69fdd8a70e67a {margin-top: 20px !important;}<\/style><div id=\"thegem-divider-69fdd8a70e67a\" class=\"gem-divider\" style=\"\" ><\/div><\/div><\/div><\/div><\/div><div class=\"vc_row-full-width-before\"><\/div><div id=\"vc_row-69fdd8a70e8d4\" data-vc-full-width=\"true\" data-vc-full-width-init=\"false\" data-vc-stretch-content=\"true\" class=\"vc_row wpb_row vc_row-fluid vc_custom_1710418507726 thegem-custom-69fdd8a70e8c29597 vc_row-no-padding\"><script type=\"text\/javascript\">if (typeof(gem_fix_fullwidth_position) == \"function\") { gem_fix_fullwidth_position(document.getElementById(\"vc_row-69fdd8a70e8d4\")); }<\/script>\n<style>\n#vc_row-69fdd8a70e8d4 .gem-map-with-text-content {\n    padding: 0!important;\n}\n<\/style>\n<div class=\"wpb_column vc_column_container vc_col-sm-12 thegem-custom-69fdd8a70eab65340\" ><div class=\"vc_column-inner thegem-custom-inner-69fdd8a70eab8\"><div class=\"wpb_wrapper thegem-custom-69fdd8a70eab65340\"><div class=\"gem-map-with-text\"><div class=\"gem-map-with-text-content\" style=\"\"><\/div><div class=\"gem-map-with-text-map\">\r\n<div class=\"wpb_gmaps_widget wpb_content_element\">\r\n\t\t<div class=\"wpb_wrapper\">\r\n\t\t<div class=\"wpb_map_wraper hide_title\">\r\n\t\t\t<iframe src=\"https:\/\/www.google.com\/maps\/embed?pb=!1m18!1m12!1m3!1d2791.89777397874!2d-73.74981542259007!3d45.59259972486081!2m3!1f0!2f0!3f0!3m2!1i1024!2i768!4f13.1!3m3!1m2!1s0x4cc921437ffce5dd%3A0x6e519b837a5608f7!2s1212%20Rue%20Bergar%2C%20Laval%2C%20QC%20H7L%205A2!5e0!3m2!1sen!2sca!4v1737960089405!5m2!1sen!2sca\" width=\"600\" height=\"740\" style=\"border:0;\" allowfullscreen=\"\" loading=\"lazy\" referrerpolicy=\"no-referrer-when-downgrade\"><\/iframe>\t\t<\/div>\r\n\t<\/div>\r\n<\/div>\r\n<\/div><\/div><\/div><\/div><\/div><\/div><div class=\"vc_row-full-width vc_clearfix\"><\/div><div class=\"vc_row-full-width-before\"><\/div><div id=\"vc_row-69fdd8a70f14e\" data-vc-full-width=\"true\" data-vc-full-width-init=\"false\" class=\"vc_row wpb_row vc_row-fluid vc_custom_1710425025794 thegem-custom-69fdd8a70f1389324 vc_row-has-fill\"><script type=\"text\/javascript\">if (typeof(gem_fix_fullwidth_position) == \"function\") { gem_fix_fullwidth_position(document.getElementById(\"vc_row-69fdd8a70f14e\")); }<\/script>\n<style>\n#vc_row-69fdd8a70f14e .contact-form .wpcf7-form-control-wrap input,\n#vc_row-69fdd8a70f14e .contact-form .wpcf7-form-control-wrap textarea {\n    margin-top: 10px;\n    margin-bottom: 15px;\n} \n#vc_row-69fdd8a70f14e .contact-form .gem-button {\n    border-radius: 0px!important;\n    font-size: 14px;\n    background-color: #00bcd4 !important;\n    margin: 45px 0px 0px 0px;\n}\n#vc_row-69fdd8a70f14e .contact-form .gem-button:hover {\n    background-color: #3c3950 !important;\n}\n<\/style>\n<style>.thegem-custom-69fdd8a70f1389324.wpb_row {z-index: 10;position: relative;}.thegem-custom-69fdd8a70f1389324.wpb_row {overflow: visible;}<\/style><div class=\"wpb_column vc_column_container vc_col-sm-12 thegem-custom-69fdd8a70f31f3019 vc_col-has-fill\" ><div class=\"vc_column-inner thegem-custom-inner-69fdd8a70f321 vc_custom_1737959932759\"><style>@media screen and (max-width: 767px) {.thegem-custom-inner-69fdd8a70f321.vc_column-inner {padding-top: 60px !important;}}@media screen and (max-width: 1023px) {.thegem-custom-inner-69fdd8a70f321.vc_column-inner {padding-bottom: 60px !important;}}@media screen and (max-width: 1023px) {.thegem-custom-inner-69fdd8a70f321.vc_column-inner {padding-left: 21px !important;}}@media screen and (max-width: 767px) {.thegem-custom-inner-69fdd8a70f321.vc_column-inner {padding-left: 0px !important;}}@media screen and (max-width: 1023px) {.thegem-custom-inner-69fdd8a70f321.vc_column-inner {padding-right: 21px !important;}}@media screen and (max-width: 767px) {.thegem-custom-inner-69fdd8a70f321.vc_column-inner {padding-right: 0px !important;}}\n<\/style><div class=\"wpb_wrapper thegem-custom-69fdd8a70f31f3019\"><div class=\"centered-box gem-image-centered-box\" ><div class=\"gem-image gem-wrapbox gem-wrapbox-style-default gem-wrapbox-position-centered  thegem-custom-69fdd8a70f3e02193\"  style=\"width: 50px;height: 50px;\" ><div class=\"gem-wrapbox-inner\" ><img class=\"gem-wrapbox-element img-responsive\" src=\"https:\/\/vorcan.ca\/wp-content\/uploads\/2025\/01\/store_5622610.png\" alt=\"\u00c0 propos de Vorcan Inc. Contactez-nous\"\/><\/div><style type=\"text\/css\">.thegem-custom-69fdd8a70f3e02193.gem-image a:hover img {filter: brightness( 100% ) contrast( 100% ) saturate( 100% ) blur( 0px ) hue-rotate( 0deg );}<\/style><\/div><\/div>\r\n\t\r\n\t\t<div class=\"wpb_text_column wpb_content_element  thegem-vc-text thegem-custom-69fdd8a70f8eb5417\"  >\r\n\t\t\t<div class=\"wpb_wrapper\">\r\n\t\t\t\t<div class=\"title-h5\" style=\"text-align: center;\"><span style=\"color: #000000;\">Visitez Notre Salle d'Exposition<\/span><\/div>\n\r\n\t\t\t<\/div>\r\n\t\t\t<style>@media screen and (max-width: 1023px) {.thegem-vc-text.thegem-custom-69fdd8a70f8eb5417{display: block!important;}}@media screen and (max-width: 767px) {.thegem-vc-text.thegem-custom-69fdd8a70f8eb5417{display: block!important;}}@media screen and (max-width: 1023px) {.thegem-vc-text.thegem-custom-69fdd8a70f8eb5417{position: relative !important;}}@media screen and (max-width: 767px) {.thegem-vc-text.thegem-custom-69fdd8a70f8eb5417{position: relative !important;}}<\/style>\r\n\t\t<\/div>\r\n\t\r\n<div class=\"clearboth\"><\/div><style>#thegem-divider-69fdd8a70f99a {margin-top: 20px !important;}<\/style><div id=\"thegem-divider-69fdd8a70f99a\" class=\"gem-divider\" style=\"\" ><\/div>\r\n\t\r\n\t\t<div class=\"wpb_text_column wpb_content_element  thegem-vc-text thegem-custom-69fdd8a70fa6b6960\"  >\r\n\t\t\t<div class=\"wpb_wrapper\">\r\n\t\t\t\t<p style=\"text-align: center;\"><span style=\"color: #000000;\">Venez d\u00e9couvrir nos produits et discuter de vos id\u00e9es avec nos designers professionnels et notre \u00e9quipe d'am\u00e9nagement d'espace en visitant notre showroom.<\/span><\/p>\n<p style=\"text-align: center;\"><span style=\"color: #000000;\"><a style=\"color: #000000;\" href=\"https:\/\/maps.app.goo.gl\/bmhYjrBruYX2ASCH8\"><strong>1212 Rue Bergar, Laval, QC H7L 5A2<\/strong><\/a><\/span><\/p>\n\r\n\t\t\t<\/div>\r\n\t\t\t<style>@media screen and (max-width: 1023px) {.thegem-vc-text.thegem-custom-69fdd8a70fa6b6960{display: block!important;}}@media screen and (max-width: 767px) {.thegem-vc-text.thegem-custom-69fdd8a70fa6b6960{display: block!important;}}@media screen and (max-width: 1023px) {.thegem-vc-text.thegem-custom-69fdd8a70fa6b6960{position: relative !important;}}@media screen and (max-width: 767px) {.thegem-vc-text.thegem-custom-69fdd8a70fa6b6960{position: relative !important;}}<\/style>\r\n\t\t<\/div>\r\n\t\r\n<div class=\"clearboth\"><\/div><style>#thegem-divider-69fdd8a70fb14 {margin-top: 20px !important;}<\/style><div id=\"thegem-divider-69fdd8a70fb14\" class=\"gem-divider\" style=\"\" ><\/div>\r\n\t\r\n\t\t<div class=\"wpb_text_column wpb_content_element  thegem-vc-text thegem-custom-69fdd8a70fbc31288\"  >\r\n\t\t\t<div class=\"wpb_wrapper\">\r\n\t\t\t\t<div style=\"text-align: center;\"><span style=\"color: #000000;\">Notre showroom est un espace o\u00f9 la cr\u00e9ativit\u00e9 rencontre le aspect pratique, vous permettant d'explorer les possibilit\u00e9s pour votre espace sous la direction de nos experts. Voyez, touchez et ressentez la qualit\u00e9 de nos produits tout en recevant des conseils personnalis\u00e9s pour am\u00e9liorer votre maison ou votre entreprise.<\/span><\/div>\n\r\n\t\t\t<\/div>\r\n\t\t\t<style>@media screen and (max-width: 1023px) {.thegem-vc-text.thegem-custom-69fdd8a70fbc31288{display: block!important;}}@media screen and (max-width: 767px) {.thegem-vc-text.thegem-custom-69fdd8a70fbc31288{display: block!important;}}@media screen and (max-width: 1023px) {.thegem-vc-text.thegem-custom-69fdd8a70fbc31288{position: relative !important;}}@media screen and (max-width: 767px) {.thegem-vc-text.thegem-custom-69fdd8a70fbc31288{position: relative !important;}}<\/style>\r\n\t\t<\/div>\r\n\t\r\n<\/div><\/div><\/div><\/div><div class=\"vc_row-full-width vc_clearfix\"><\/div>\n<\/div>","protected":false},"excerpt":{"rendered":"","protected":false},"author":1,"featured_media":25218,"parent":0,"menu_order":0,"comment_status":"closed","ping_status":"closed","template":"","meta":{"footnotes":""},"class_list":["post-24390","page","type-page","status-publish","has-post-thumbnail"],"_links":{"self":[{"href":"https:\/\/vorcan.ca\/fr\/wp-json\/wp\/v2\/pages\/24390","targetHints":{"allow":["GET"]}}],"collection":[{"href":"https:\/\/vorcan.ca\/fr\/wp-json\/wp\/v2\/pages"}],"about":[{"href":"https:\/\/vorcan.ca\/fr\/wp-json\/wp\/v2\/types\/page"}],"author":[{"embeddable":true,"href":"https:\/\/vorcan.ca\/fr\/wp-json\/wp\/v2\/users\/1"}],"replies":[{"embeddable":true,"href":"https:\/\/vorcan.ca\/fr\/wp-json\/wp\/v2\/comments?post=24390"}],"version-history":[{"count":0,"href":"https:\/\/vorcan.ca\/fr\/wp-json\/wp\/v2\/pages\/24390\/revisions"}],"wp:featuredmedia":[{"embeddable":true,"href":"https:\/\/vorcan.ca\/fr\/wp-json\/wp\/v2\/media\/25218"}],"wp:attachment":[{"href":"https:\/\/vorcan.ca\/fr\/wp-json\/wp\/v2\/media?parent=24390"}],"curies":[{"name":"wp","href":"https:\/\/api.w.org\/{rel}","templated":true}]}}