{"id":25060,"date":"2025-01-25T07:31:25","date_gmt":"2025-01-25T07:31:25","guid":{"rendered":"https:\/\/vorcan.ca\/?page_id=25060"},"modified":"2026-04-17T17:57:34","modified_gmt":"2026-04-17T21:57:34","slug":"cuisines","status":"publish","type":"page","link":"https:\/\/vorcan.ca\/fr\/kitchens\/","title":{"rendered":"Cuisines"},"content":{"rendered":"<div class=\"wpb-content-wrapper\"><div id=\"vc_row-69e30c22b11d4\" class=\"vc_row wpb_row vc_row-fluid thegem-custom-69e30c22b11b96651\"><div class=\"wpb_column vc_column_container vc_col-sm-12 thegem-custom-69e30c22b13e49571\" ><div class=\"vc_column-inner thegem-custom-inner-69e30c22b13e6\"><div class=\"wpb_wrapper thegem-custom-69e30c22b13e49571\"><div class=\"clearboth\"><\/div><style>#thegem-divider-69e30c22b15fe {margin-top: 20px !important;}<\/style><div id=\"thegem-divider-69e30c22b15fe\" class=\"gem-divider\" style=\"\" ><\/div><div class=\"centered-box gem-image-centered-box\" ><div class=\"gem-image gem-wrapbox gem-wrapbox-style-default gem-wrapbox-position-centered  thegem-custom-69e30c22b16387230\"  style=\"width: 80px;height: 80px;\" ><div class=\"gem-wrapbox-inner\" ><img class=\"gem-wrapbox-element img-responsive\" src=\"https:\/\/vorcan.ca\/wp-content\/uploads\/2024\/09\/kitchen_2730307.png\" alt=\"KITCHENS\"\/><\/div><style type=\"text\/css\">.thegem-custom-69e30c22b16387230.gem-image a:hover img {filter: brightness( 100% ) contrast( 100% ) saturate( 100% ) blur( 0px ) hue-rotate( 0deg );}<\/style><\/div><\/div>\r\n\t\r\n\t\t<div class=\"wpb_text_column wpb_content_element  thegem-vc-text thegem-custom-69e30c22b1c1d8700\"  >\r\n\t\t\t<div class=\"wpb_wrapper\">\r\n\t\t\t\t<div class=\"title-h2\" style=\"text-align: center;\">Cuisines<\/div>\n\r\n\t\t\t<\/div>\r\n\t\t\t<style>@media screen and (max-width: 1023px) {.thegem-vc-text.thegem-custom-69e30c22b1c1d8700{display: block!important;}}@media screen and (max-width: 767px) {.thegem-vc-text.thegem-custom-69e30c22b1c1d8700{display: block!important;}}@media screen and (max-width: 1023px) {.thegem-vc-text.thegem-custom-69e30c22b1c1d8700{position: relative !important;}}@media screen and (max-width: 767px) {.thegem-vc-text.thegem-custom-69e30c22b1c1d8700{position: relative !important;}}<\/style>\r\n\t\t<\/div>\r\n\t\r\n<div class=\"clearboth\"><\/div><style>#thegem-divider-69e30c22b1ccd {margin-top: 30px !important;}<\/style><div id=\"thegem-divider-69e30c22b1ccd\" class=\"gem-divider\" style=\"\" ><\/div>\r\n\t\r\n\t\t<div class=\"wpb_text_column wpb_content_element  thegem-vc-text thegem-custom-69e30c22b1d724971\"  >\r\n\t\t\t<div class=\"wpb_wrapper\">\r\n\t\t\t\t<div class=\"styled-subtitle\" style=\"text-align: center;\">Entrez dans un univers o\u00f9 la magie culinaire op\u00e8re \u2014 les cuisines Vorcan allient design moderne et fonctionnalit\u00e9 pour cr\u00e9er des espaces \u00e0 la fois beaux et pratiques. D\u00e9couvrez notre gamme de solutions de cuisine \u00e9l\u00e9gantes, adapt\u00e9es \u00e0 tous les go\u00fbts et styles de vie, pour faire de votre exp\u00e9rience culinaire un v\u00e9ritable plaisir.<\/div>\n\r\n\t\t\t<\/div>\r\n\t\t\t<style>@media screen and (max-width: 1023px) {.thegem-vc-text.thegem-custom-69e30c22b1d724971{display: block!important;}}@media screen and (max-width: 767px) {.thegem-vc-text.thegem-custom-69e30c22b1d724971{display: block!important;}}@media screen and (max-width: 1023px) {.thegem-vc-text.thegem-custom-69e30c22b1d724971{position: relative !important;}}@media screen and (max-width: 767px) {.thegem-vc-text.thegem-custom-69e30c22b1d724971{position: relative !important;}}<\/style>\r\n\t\t<\/div>\r\n\t\r\n<div class=\"clearboth\"><\/div><style>#thegem-divider-69e30c22b1df7 {margin-top: 40px !important;}<\/style><div id=\"thegem-divider-69e30c22b1df7\" class=\"gem-divider\" style=\"\" ><\/div><style>.portfolio.portfolio-grid#style-217c0b3 .portfolio-item:not(.size-item), .preloader#style-preloader-217c0b3 .portfolio-item { padding: calc(20px\/2) !important; }.portfolio.portfolio-grid#style-217c0b3 .portfolio-item.size-item { padding: 0 calc(20px\/2) !important; }.portfolio.portfolio-grid#style-217c0b3 .portfolio-row, .preloader#style-preloader-217c0b3 .skeleton-posts.portfolio-row { margin: calc(-20px\/2); }.portfolio.portfolio-grid#style-217c0b3.fullwidth-columns .portfolio-row { margin: calc(-20px\/2) 0; }.portfolio.portfolio-grid#style-217c0b3 .fullwidth-block:not(.no-paddings) { padding-left: 20px; padding-right: 20px; }.portfolio.portfolio-grid#style-217c0b3 .fullwidth-block .portfolio-row { padding-left: calc(20px\/2); padding-right: calc(20px\/2); }.portfolio.portfolio-grid#style-217c0b3 .fullwidth-block .portfolio-top-panel { padding-left: 20px; padding-right: 20px; }.portfolio.portfolio-grid#style-217c0b3.fullwidth-columns .with-filter-sidebar .filter-sidebar { padding-left: 20px; }@media (max-width: 991px) { .portfolio.portfolio-grid#style-217c0b3 .portfolio-item:not(.size-item), .preloader#style-preloader-217c0b3 .portfolio-item { padding: calc(15px\/2) !important; }.portfolio.portfolio-grid#style-217c0b3 .portfolio-item.size-item { padding: 0 calc(15px\/2) !important; }.portfolio.portfolio-grid#style-217c0b3 .portfolio-row, .preloader#style-preloader-217c0b3 .skeleton-posts.portfolio-row { margin: calc(-15px\/2); }.portfolio.portfolio-grid#style-217c0b3.fullwidth-columns .portfolio-row { margin: calc(-15px\/2) 0; }.portfolio.portfolio-grid#style-217c0b3 .fullwidth-block:not(.no-paddings) { padding-left: 15px; padding-right: 15px; }.portfolio.portfolio-grid#style-217c0b3 .fullwidth-block .portfolio-row { padding-left: calc(15px\/2); padding-right: calc(15px\/2); }.portfolio.portfolio-grid#style-217c0b3 .fullwidth-block .portfolio-top-panel { padding-left: 15px; padding-right: 15px; }.portfolio.portfolio-grid#style-217c0b3.fullwidth-columns .with-filter-sidebar .filter-sidebar { padding-left: 15px; }}@media (max-width: 767px) { .portfolio.portfolio-grid#style-217c0b3 .portfolio-item:not(.size-item), .preloader#style-preloader-217c0b3 .portfolio-item { padding: calc(15px\/2) !important; }.portfolio.portfolio-grid#style-217c0b3 .portfolio-item.size-item { padding: 0 calc(15px\/2) !important; }.portfolio.portfolio-grid#style-217c0b3 .portfolio-row, .preloader#style-preloader-217c0b3 .skeleton-posts.portfolio-row { margin: calc(-15px\/2); }.portfolio.portfolio-grid#style-217c0b3.fullwidth-columns .portfolio-row { margin: calc(-15px\/2) 0; }.portfolio.portfolio-grid#style-217c0b3 .fullwidth-block:not(.no-paddings) { padding-left: 15px; padding-right: 15px; }.portfolio.portfolio-grid#style-217c0b3 .fullwidth-block .portfolio-row { padding-left: calc(15px\/2); padding-right: calc(15px\/2); }.portfolio.portfolio-grid#style-217c0b3 .fullwidth-block .portfolio-top-panel { padding-left: 15px; padding-right: 15px; }.portfolio.portfolio-grid#style-217c0b3.fullwidth-columns .with-filter-sidebar .filter-sidebar { padding-left: 15px; }}.portfolio.portfolio-grid#style-217c0b3 .portfolio-item .caption .title span { letter-spacing: px !important; }.portfolio.portfolio-grid#style-217c0b3 .portfolio-item .caption .title { color: #000000 !important; }.portfolio.portfolio-grid#style-217c0b3 .portfolio-item:hover .caption .title { color: #3F3E3E !important; }.portfolio.portfolio-grid#style-217c0b3 .portfolio-item .caption .title span { white-space: initial; max-height: initial; display: -webkit-box; -webkit-line-clamp: 2; line-clamp: 2; -webkit-box-orient: vertical; }<\/style><style>.portfolio.portfolio-grid#style-217c0b3 .portfolio-filters { text-align: center; }.portfolio.portfolio-grid#style-217c0b3 .portfolio-item .read-more-button .gem-button { border-radius: 5px; }.portfolio.portfolio-grid#style-217c0b3 .portfolio-item .read-more-button .gem-button { border-width: 2px; }.portfolio.portfolio-grid#style-217c0b3 .portfolio-item .read-more-button .gem-button { color: #FFFFFF; }.portfolio.portfolio-grid#style-217c0b3 .portfolio-item .read-more-button .gem-button:hover { color: #FFFFFF; }.portfolio.portfolio-grid#style-217c0b3 .portfolio-item .read-more-button .gem-button { background-color: #000000; }.portfolio.portfolio-grid#style-217c0b3 .portfolio-item .read-more-button .gem-button:hover { background-color: #000000; }.portfolio.portfolio-grid#style-217c0b3 .portfolio-item .read-more-button .gem-button { border-color: #000000; }.portfolio.portfolio-grid#style-217c0b3 .portfolio-item .read-more-button .gem-button:hover { border-color: #FFFFFF; }<\/style> <div class=\"portfolio-preloader-wrapper panel-sidebar-position-left\"> <div class=\"portfolio portfolio-grid extended-portfolio-grid no-padding portfolio-pagination-scroll portfolio-style-justified background-style-white title-style-light hover-disabled title-on-page hover-elements-size-default version-default caption-position-page columns-3 columns-tablet-2 columns-mobile-1 disable-isotope next-page-preloading\" id=\"style-217c0b3\" data-style-uid=\"217c0b3\" data-portfolio-uid=\"grid_1617275\" data-current-page=\"1\" data-per-page=\"8\" data-next-page=\"0\" data-pages-count=\"1\" data-hover=\"disabled\" data-portfolio-filter=\"[]\" data-portfolio-filter-attributes=\"null\" data-portfolio-filter-search=\"\"> <div class=\"portfolio-row-outer\"> <div class=\"portfolio-top-panel selected-only\"> <div class=\"portfolio-filter-item portfolio-selected-filters left\"> <div class=\"portfolio-selected-filter-item clear-filters\"> Effacer les filtres\t<\/div> <\/div> <\/div> <div class=\"row portfolio-row\"> <div class=\"portfolio-set clearfix\" data-max-row-height=\"380\"> <div class=\"portfolio-item kitchens col-xs-12 col-sm-6 col-md-4 portfolio-item-template appearance-type-featured_image post-25075 thegem_pf_item type-thegem_pf_item status-publish has-post-thumbnail\" data-default-sort=\"0\" data-sort-date=\"1737619648\"> <div class=\"wrap clearfix\"> <div class=\"image post-25075 thegem_pf_item type-thegem_pf_item status-publish has-post-thumbnail\"> <div class=\"image-inner\"> <picture> <source srcset=\"https:\/\/vorcan.ca\/wp-content\/uploads\/2025\/01\/featured-scaled-thegem-product-justified-square-m.jpg 1x\" sizes=\"100vw\"> <img src=\"https:\/\/vorcan.ca\/wp-content\/uploads\/2025\/01\/featured-scaled-thegem-product-justified-square-m.jpg\" width=\"400\" height=\"400\" class=\"attachment-thegem-product-justified-square-m\" alt=\"Meuble de cuisine style scandinave Patti Series avec \u00eelot\" \/> <\/picture> <\/div> <div class=\"overlay\"> <div class=\"overlay-circle\"><\/div> <a href=\"https:\/\/vorcan.ca\/fr\/products\/patti-series-scandinavian-style-kitchen-cabinet-with-island\/\" target=\"_self\" class=\"portfolio-item-link self-link\" data-elementor-open-lightbox=\"no\"> <span class=\"screen-reader-text\">Meuble de cuisine style scandinave Patti Series avec \u00eelot<\/span> <\/a> <div class=\"links-wrapper\"> <div class=\"links\"> <\/div> <\/div> <\/div> <\/div> <div class=\"caption post-25075 thegem_pf_item type-thegem_pf_item status-publish has-post-thumbnail\"> <h2 class=\"title\"> <span class=\"title-h5\"> Meuble de cuisine style scandinave Patti Series avec \u00eelot <\/span> <\/h2> <div class=\"caption-separator\"><\/div> <div class=\"read-more-button\">\n<div class=\"gem-button-container gem-widget-button gem-button-position-inline\"> <a id=\"\" class=\"gem-button gem-button-size-small gem-button-style-outline\" href=\"https:\/\/vorcan.ca\/fr\/products\/patti-series-scandinavian-style-kitchen-cabinet-with-island\/\"> <span class=\"gem-inner-wrapper-btn\"> <span class=\"gem-text-button\"> Voir les d\u00e9tails <\/span> <\/span> <\/a>\n<\/div>\n<\/div> <\/div> <\/div> <\/div> <div class=\"portfolio-item kitchens col-xs-12 col-sm-6 col-md-4 portfolio-item-template appearance-type-featured_image post-25160 thegem_pf_item type-thegem_pf_item status-publish has-post-thumbnail\" data-default-sort=\"0\" data-sort-date=\"1737879487\"> <div class=\"wrap clearfix\"> <div class=\"image post-25160 thegem_pf_item type-thegem_pf_item status-publish has-post-thumbnail\"> <div class=\"image-inner\"> <picture> <source srcset=\"https:\/\/vorcan.ca\/wp-content\/uploads\/2025\/01\/vorcan-1-thegem-product-justified-square-m.jpg 1x\" sizes=\"100vw\"> <img src=\"https:\/\/vorcan.ca\/wp-content\/uploads\/2025\/01\/vorcan-1-thegem-product-justified-square-m.jpg\" width=\"400\" height=\"400\" class=\"attachment-thegem-product-justified-square-m\" alt=\"Armoires de cuisine modernes et \u00e9l\u00e9gantes de la s\u00e9rie Moqi avec table \u00eelot\" \/> <\/picture> <\/div> <div class=\"overlay\"> <div class=\"overlay-circle\"><\/div> <a href=\"https:\/\/vorcan.ca\/fr\/products\/moqi-series-modern-elegant-kitchen-cabinets-with-island-table\/\" target=\"_self\" class=\"portfolio-item-link self-link\" data-elementor-open-lightbox=\"no\"> <span class=\"screen-reader-text\">Armoires de cuisine modernes et \u00e9l\u00e9gantes de la s\u00e9rie Moqi avec table \u00eelot<\/span> <\/a> <div class=\"links-wrapper\"> <div class=\"links\"> <\/div> <\/div> <\/div> <\/div> <div class=\"caption post-25160 thegem_pf_item type-thegem_pf_item status-publish has-post-thumbnail\"> <h2 class=\"title\"> <span class=\"title-h5\"> Armoires de cuisine modernes et \u00e9l\u00e9gantes de la s\u00e9rie Moqi avec table \u00eelot <\/span> <\/h2> <div class=\"caption-separator\"><\/div> <div class=\"read-more-button\">\n<div class=\"gem-button-container gem-widget-button gem-button-position-inline\"> <a id=\"\" class=\"gem-button gem-button-size-small gem-button-style-outline\" href=\"https:\/\/vorcan.ca\/fr\/products\/moqi-series-modern-elegant-kitchen-cabinets-with-island-table\/\"> <span class=\"gem-inner-wrapper-btn\"> <span class=\"gem-text-button\"> Voir les d\u00e9tails <\/span> <\/span> <\/a>\n<\/div>\n<\/div> <\/div> <\/div> <\/div> <div class=\"portfolio-item kitchens col-xs-12 col-sm-6 col-md-4 portfolio-item-template appearance-type-featured_image post-25212 thegem_pf_item type-thegem_pf_item status-publish has-post-thumbnail\" data-default-sort=\"0\" data-sort-date=\"1737957844\"> <div class=\"wrap clearfix\"> <div class=\"image post-25212 thegem_pf_item type-thegem_pf_item status-publish has-post-thumbnail\"> <div class=\"image-inner\"> <picture> <source srcset=\"https:\/\/vorcan.ca\/wp-content\/uploads\/2025\/01\/featured-kit-scaled-thegem-product-justified-square-m.jpg 1x\" sizes=\"100vw\"> <img src=\"https:\/\/vorcan.ca\/wp-content\/uploads\/2025\/01\/featured-kit-scaled-thegem-product-justified-square-m.jpg\" width=\"400\" height=\"400\" class=\"attachment-thegem-product-justified-square-m\" alt=\"Cuisine Alice Moderne Minimaliste Style Utopique\" \/> <\/picture> <\/div> <div class=\"overlay\"> <div class=\"overlay-circle\"><\/div> <a href=\"https:\/\/vorcan.ca\/fr\/products\/alice-modern-minimalist-utopian-style-kitchen-cabinet\/\" target=\"_self\" class=\"portfolio-item-link self-link\" data-elementor-open-lightbox=\"no\"> <span class=\"screen-reader-text\">Cuisine Alice Moderne Minimaliste Style Utopique<\/span> <\/a> <div class=\"links-wrapper\"> <div class=\"links\"> <\/div> <\/div> <\/div> <\/div> <div class=\"caption post-25212 thegem_pf_item type-thegem_pf_item status-publish has-post-thumbnail\"> <h2 class=\"title\"> <span class=\"title-h5\"> Cuisine Alice Moderne Minimaliste Style Utopique <\/span> <\/h2> <div class=\"caption-separator\"><\/div> <div class=\"read-more-button\">\n<div class=\"gem-button-container gem-widget-button gem-button-position-inline\"> <a id=\"\" class=\"gem-button gem-button-size-small gem-button-style-outline\" href=\"https:\/\/vorcan.ca\/fr\/products\/alice-modern-minimalist-utopian-style-kitchen-cabinet\/\"> <span class=\"gem-inner-wrapper-btn\"> <span class=\"gem-text-button\"> Voir les d\u00e9tails <\/span> <\/span> <\/a>\n<\/div>\n<\/div> <\/div> <\/div> <\/div> <\/div><!-- .portflio-set --> <div class=\"portfolio-item-size-container\"> <div class=\"portfolio-item col-xs-12 col-sm-6 col-md-4 portfolio-item-template appearance-type-featured_image post-25212 thegem_pf_item type-thegem_pf_item status-publish has-post-thumbnail\"> <\/div> <\/div> <\/div><!-- .row--> <\/div><!-- .full-width --> <\/div><!-- .portfolio--> <\/div><!-- .portfolio-preloader-wrapper--><div class=\"clearboth\"><\/div><style>#thegem-divider-69e30c22b6286 {margin-top: 80px !important;}<\/style><div id=\"thegem-divider-69e30c22b6286\" class=\"gem-divider\" style=\"\" ><\/div><\/div><\/div><\/div><\/div>\n<\/div>","protected":false},"excerpt":{"rendered":"","protected":false},"author":1,"featured_media":25007,"parent":0,"menu_order":0,"comment_status":"closed","ping_status":"closed","template":"","meta":{"footnotes":""},"class_list":["post-25060","page","type-page","status-publish","has-post-thumbnail"],"_links":{"self":[{"href":"https:\/\/vorcan.ca\/fr\/wp-json\/wp\/v2\/pages\/25060","targetHints":{"allow":["GET"]}}],"collection":[{"href":"https:\/\/vorcan.ca\/fr\/wp-json\/wp\/v2\/pages"}],"about":[{"href":"https:\/\/vorcan.ca\/fr\/wp-json\/wp\/v2\/types\/page"}],"author":[{"embeddable":true,"href":"https:\/\/vorcan.ca\/fr\/wp-json\/wp\/v2\/users\/1"}],"replies":[{"embeddable":true,"href":"https:\/\/vorcan.ca\/fr\/wp-json\/wp\/v2\/comments?post=25060"}],"version-history":[{"count":1,"href":"https:\/\/vorcan.ca\/fr\/wp-json\/wp\/v2\/pages\/25060\/revisions"}],"predecessor-version":[{"id":25450,"href":"https:\/\/vorcan.ca\/fr\/wp-json\/wp\/v2\/pages\/25060\/revisions\/25450"}],"wp:featuredmedia":[{"embeddable":true,"href":"https:\/\/vorcan.ca\/fr\/wp-json\/wp\/v2\/media\/25007"}],"wp:attachment":[{"href":"https:\/\/vorcan.ca\/fr\/wp-json\/wp\/v2\/media?parent=25060"}],"curies":[{"name":"wp","href":"https:\/\/api.w.org\/{rel}","templated":true}]}}