{"id":25102,"date":"2025-01-26T07:03:27","date_gmt":"2025-01-26T07:03:27","guid":{"rendered":"https:\/\/vorcan.ca\/?page_id=25102"},"modified":"2026-04-17T17:57:03","modified_gmt":"2026-04-17T21:57:03","slug":"armoires","status":"publish","type":"page","link":"https:\/\/vorcan.ca\/fr\/wardrobes\/","title":{"rendered":"Garde-robes"},"content":{"rendered":"<div class=\"wpb-content-wrapper\"><div id=\"vc_row-69fdd881dccb5\" class=\"vc_row wpb_row vc_row-fluid thegem-custom-69fdd881dcc942164\"><div class=\"wpb_column vc_column_container vc_col-sm-12 thegem-custom-69fdd881dcf2c1770\" ><div class=\"vc_column-inner thegem-custom-inner-69fdd881dcf2f\"><div class=\"wpb_wrapper thegem-custom-69fdd881dcf2c1770\"><div class=\"clearboth\"><\/div><style>#thegem-divider-69fdd881dd237 {margin-top: 20px !important;}<\/style><div id=\"thegem-divider-69fdd881dd237\" class=\"gem-divider\" style=\"\" ><\/div><div class=\"centered-box gem-image-centered-box\" ><div class=\"gem-image gem-wrapbox gem-wrapbox-style-default gem-wrapbox-position-centered  thegem-custom-69fdd881dd2862634\"  style=\"width: 80px;height: 80px;\" ><div class=\"gem-wrapbox-inner\" ><img class=\"gem-wrapbox-element img-responsive\" src=\"https:\/\/vorcan.ca\/wp-content\/uploads\/2024\/09\/cabinet_1123456.png\" alt=\"Garde-robes\"\/><\/div><style type=\"text\/css\">.thegem-custom-69fdd881dd2862634.gem-image a:hover img {filter: brightness( 100% ) contrast( 100% ) saturate( 100% ) blur( 0px ) hue-rotate( 0deg );}<\/style><\/div><\/div>\r\n\t\r\n\t\t<div class=\"wpb_text_column wpb_content_element  thegem-vc-text thegem-custom-69fdd881dd8b36216\"  >\r\n\t\t\t<div class=\"wpb_wrapper\">\r\n\t\t\t\t<div class=\"title-h2\" style=\"text-align: center;\">Garde-robes<\/div>\n\r\n\t\t\t<\/div>\r\n\t\t\t<style>@media screen and (max-width: 1023px) {.thegem-vc-text.thegem-custom-69fdd881dd8b36216{display: block!important;}}@media screen and (max-width: 767px) {.thegem-vc-text.thegem-custom-69fdd881dd8b36216{display: block!important;}}@media screen and (max-width: 1023px) {.thegem-vc-text.thegem-custom-69fdd881dd8b36216{position: relative !important;}}@media screen and (max-width: 767px) {.thegem-vc-text.thegem-custom-69fdd881dd8b36216{position: relative !important;}}<\/style>\r\n\t\t<\/div>\r\n\t\r\n<div class=\"clearboth\"><\/div><style>#thegem-divider-69fdd881dd992 {margin-top: 30px !important;}<\/style><div id=\"thegem-divider-69fdd881dd992\" class=\"gem-divider\" style=\"\" ><\/div>\r\n\t\r\n\t\t<div class=\"wpb_text_column wpb_content_element  thegem-vc-text thegem-custom-69fdd881dda766847\"  >\r\n\t\t\t<div class=\"wpb_wrapper\">\r\n\t\t\t\t<p>Organisez votre vie avec \u00e9l\u00e9gance gr\u00e2ce \u00e0 notre collection de penderies sur mesure. Chez Vorcan, nous proposons une vari\u00e9t\u00e9 de styles et de designs pour maximiser votre espace de rangement tout en sublimant l\u2019esth\u00e9tique de votre chambre. D\u00e9couvrez la penderie parfaite qui compl\u00e8te votre style personnel et r\u00e9pond \u00e0 vos besoins d\u2019organisation.<\/p>\n\r\n\t\t\t<\/div>\r\n\t\t\t<style>@media screen and (max-width: 1023px) {.thegem-vc-text.thegem-custom-69fdd881dda766847{display: block!important;}}@media screen and (max-width: 767px) {.thegem-vc-text.thegem-custom-69fdd881dda766847{display: block!important;}}@media screen and (max-width: 1023px) {.thegem-vc-text.thegem-custom-69fdd881dda766847{position: relative !important;}}@media screen and (max-width: 767px) {.thegem-vc-text.thegem-custom-69fdd881dda766847{position: relative !important;}}<\/style>\r\n\t\t<\/div>\r\n\t\r\n<div class=\"clearboth\"><\/div><style>#thegem-divider-69fdd881ddb40 {margin-top: 40px !important;}<\/style><div id=\"thegem-divider-69fdd881ddb40\" class=\"gem-divider\" style=\"\" ><\/div><style>.portfolio.portfolio-grid#style-6f29dd0 .portfolio-item:not(.size-item), .preloader#style-preloader-6f29dd0 .portfolio-item { padding: calc(20px\/2) !important; }.portfolio.portfolio-grid#style-6f29dd0 .portfolio-item.size-item { padding: 0 calc(20px\/2) !important; }.portfolio.portfolio-grid#style-6f29dd0 .portfolio-row, .preloader#style-preloader-6f29dd0 .skeleton-posts.portfolio-row { margin: calc(-20px\/2); }.portfolio.portfolio-grid#style-6f29dd0.fullwidth-columns .portfolio-row { margin: calc(-20px\/2) 0; }.portfolio.portfolio-grid#style-6f29dd0 .fullwidth-block:not(.no-paddings) { padding-left: 20px; padding-right: 20px; }.portfolio.portfolio-grid#style-6f29dd0 .fullwidth-block .portfolio-row { padding-left: calc(20px\/2); padding-right: calc(20px\/2); }.portfolio.portfolio-grid#style-6f29dd0 .fullwidth-block .portfolio-top-panel { padding-left: 20px; padding-right: 20px; }.portfolio.portfolio-grid#style-6f29dd0.fullwidth-columns .with-filter-sidebar .filter-sidebar { padding-left: 20px; }@media (max-width: 991px) { .portfolio.portfolio-grid#style-6f29dd0 .portfolio-item:not(.size-item), .preloader#style-preloader-6f29dd0 .portfolio-item { padding: calc(15px\/2) !important; }.portfolio.portfolio-grid#style-6f29dd0 .portfolio-item.size-item { padding: 0 calc(15px\/2) !important; }.portfolio.portfolio-grid#style-6f29dd0 .portfolio-row, .preloader#style-preloader-6f29dd0 .skeleton-posts.portfolio-row { margin: calc(-15px\/2); }.portfolio.portfolio-grid#style-6f29dd0.fullwidth-columns .portfolio-row { margin: calc(-15px\/2) 0; }.portfolio.portfolio-grid#style-6f29dd0 .fullwidth-block:not(.no-paddings) { padding-left: 15px; padding-right: 15px; }.portfolio.portfolio-grid#style-6f29dd0 .fullwidth-block .portfolio-row { padding-left: calc(15px\/2); padding-right: calc(15px\/2); }.portfolio.portfolio-grid#style-6f29dd0 .fullwidth-block .portfolio-top-panel { padding-left: 15px; padding-right: 15px; }.portfolio.portfolio-grid#style-6f29dd0.fullwidth-columns .with-filter-sidebar .filter-sidebar { padding-left: 15px; }}@media (max-width: 767px) { .portfolio.portfolio-grid#style-6f29dd0 .portfolio-item:not(.size-item), .preloader#style-preloader-6f29dd0 .portfolio-item { padding: calc(15px\/2) !important; }.portfolio.portfolio-grid#style-6f29dd0 .portfolio-item.size-item { padding: 0 calc(15px\/2) !important; }.portfolio.portfolio-grid#style-6f29dd0 .portfolio-row, .preloader#style-preloader-6f29dd0 .skeleton-posts.portfolio-row { margin: calc(-15px\/2); }.portfolio.portfolio-grid#style-6f29dd0.fullwidth-columns .portfolio-row { margin: calc(-15px\/2) 0; }.portfolio.portfolio-grid#style-6f29dd0 .fullwidth-block:not(.no-paddings) { padding-left: 15px; padding-right: 15px; }.portfolio.portfolio-grid#style-6f29dd0 .fullwidth-block .portfolio-row { padding-left: calc(15px\/2); padding-right: calc(15px\/2); }.portfolio.portfolio-grid#style-6f29dd0 .fullwidth-block .portfolio-top-panel { padding-left: 15px; padding-right: 15px; }.portfolio.portfolio-grid#style-6f29dd0.fullwidth-columns .with-filter-sidebar .filter-sidebar { padding-left: 15px; }}.portfolio.portfolio-grid#style-6f29dd0 .portfolio-item .caption .title span { letter-spacing: px !important; }.portfolio.portfolio-grid#style-6f29dd0 .portfolio-item .caption .title { color: #000000 !important; }.portfolio.portfolio-grid#style-6f29dd0 .portfolio-item:hover .caption .title { color: #3F3E3E !important; }.portfolio.portfolio-grid#style-6f29dd0 .portfolio-item .caption .title span { white-space: initial; max-height: initial; display: -webkit-box; -webkit-line-clamp: 2; line-clamp: 2; -webkit-box-orient: vertical; }<\/style><style>.portfolio.portfolio-grid#style-6f29dd0 .portfolio-filters { text-align: center; }.portfolio.portfolio-grid#style-6f29dd0 .portfolio-item .read-more-button .gem-button { border-radius: 5px; }.portfolio.portfolio-grid#style-6f29dd0 .portfolio-item .read-more-button .gem-button { border-width: 2px; }.portfolio.portfolio-grid#style-6f29dd0 .portfolio-item .read-more-button .gem-button { color: #FFFFFF; }.portfolio.portfolio-grid#style-6f29dd0 .portfolio-item .read-more-button .gem-button:hover { color: #FFFFFF; }.portfolio.portfolio-grid#style-6f29dd0 .portfolio-item .read-more-button .gem-button { background-color: #000000; }.portfolio.portfolio-grid#style-6f29dd0 .portfolio-item .read-more-button .gem-button:hover { background-color: #000000; }.portfolio.portfolio-grid#style-6f29dd0 .portfolio-item .read-more-button .gem-button { border-color: #000000; }.portfolio.portfolio-grid#style-6f29dd0 .portfolio-item .read-more-button .gem-button:hover { border-color: #FFFFFF; }<\/style> <div class=\"portfolio-preloader-wrapper panel-sidebar-position-left\"> <div class=\"portfolio portfolio-grid extended-portfolio-grid no-padding portfolio-pagination-scroll portfolio-style-justified background-style-white title-style-light hover-disabled title-on-page hover-elements-size-default version-default caption-position-page columns-3 columns-tablet-2 columns-mobile-1 disable-isotope next-page-preloading\" id=\"style-6f29dd0\" data-style-uid=\"6f29dd0\" data-portfolio-uid=\"grid_16172752\" data-current-page=\"1\" data-per-page=\"8\" data-next-page=\"0\" data-pages-count=\"1\" data-hover=\"disabled\" data-portfolio-filter=\"[]\" data-portfolio-filter-attributes=\"null\" data-portfolio-filter-search=\"\"> <div class=\"portfolio-row-outer\"> <div class=\"portfolio-top-panel selected-only\"> <div class=\"portfolio-filter-item portfolio-selected-filters left\"> <div class=\"portfolio-selected-filter-item clear-filters\"> Effacer les filtres\t<\/div> <\/div> <\/div> <div class=\"row portfolio-row\"> <div class=\"portfolio-set clearfix\" data-max-row-height=\"380\"> <div class=\"portfolio-item wardrobes col-xs-12 col-sm-6 col-md-4 portfolio-item-template appearance-type-featured_image post-25080 thegem_pf_item type-thegem_pf_item status-publish has-post-thumbnail\" data-default-sort=\"0\" data-sort-date=\"1737620923\"> <div class=\"wrap clearfix\"> <div class=\"image post-25080 thegem_pf_item type-thegem_pf_item status-publish has-post-thumbnail\"> <div class=\"image-inner\"> <picture> <source srcset=\"https:\/\/vorcan.ca\/wp-content\/uploads\/2025\/01\/featured-2-scaled-thegem-product-justified-square-m.jpg 1x\" sizes=\"100vw\"> <img src=\"https:\/\/vorcan.ca\/wp-content\/uploads\/2025\/01\/featured-2-scaled-thegem-product-justified-square-m.jpg\" width=\"400\" height=\"400\" class=\"attachment-thegem-product-justified-square-m\" alt=\"Garde-robe et chambre \u00e0 coucher de style scandinave Patti Series\" \/> <\/picture> <\/div> <div class=\"overlay\"> <div class=\"overlay-circle\"><\/div> <a href=\"https:\/\/vorcan.ca\/fr\/products\/patti-series-scandinavian-style-wardrobe-and-bedroom\/\" target=\"_self\" class=\"portfolio-item-link self-link\" data-elementor-open-lightbox=\"no\"> <span class=\"screen-reader-text\">Garde-robe et chambre \u00e0 coucher de style scandinave Patti Series<\/span> <\/a> <div class=\"links-wrapper\"> <div class=\"links\"> <\/div> <\/div> <\/div> <\/div> <div class=\"caption post-25080 thegem_pf_item type-thegem_pf_item status-publish has-post-thumbnail\"> <h2 class=\"title\"> <span class=\"title-h5\"> Garde-robe et chambre \u00e0 coucher de style scandinave Patti Series <\/span> <\/h2> <div class=\"caption-separator\"><\/div> <div class=\"read-more-button\">\n<div class=\"gem-button-container gem-widget-button gem-button-position-inline\"> <a id=\"\" class=\"gem-button gem-button-size-small gem-button-style-outline\" href=\"https:\/\/vorcan.ca\/fr\/products\/patti-series-scandinavian-style-wardrobe-and-bedroom\/\"> <span class=\"gem-inner-wrapper-btn\"> <span class=\"gem-text-button\"> Voir les d\u00e9tails <\/span> <\/span> <\/a>\n<\/div>\n<\/div> <\/div> <\/div> <\/div> <div class=\"portfolio-item wardrobes col-xs-12 col-sm-6 col-md-4 portfolio-item-template appearance-type-featured_image post-25204 thegem_pf_item type-thegem_pf_item status-publish has-post-thumbnail\" data-default-sort=\"0\" data-sort-date=\"1737957299\"> <div class=\"wrap clearfix\"> <div class=\"image post-25204 thegem_pf_item type-thegem_pf_item status-publish has-post-thumbnail\"> <div class=\"image-inner\"> <picture> <source srcset=\"https:\/\/vorcan.ca\/wp-content\/uploads\/2025\/01\/main-featured-wardrobe-scaled-thegem-product-justified-square-m.jpg 1x\" sizes=\"100vw\"> <img src=\"https:\/\/vorcan.ca\/wp-content\/uploads\/2025\/01\/main-featured-wardrobe-scaled-thegem-product-justified-square-m.jpg\" width=\"400\" height=\"400\" class=\"attachment-thegem-product-justified-square-m\" alt=\"Garde-robe Alice Style Utopique Moderne Minimaliste\" \/> <\/picture> <\/div> <div class=\"overlay\"> <div class=\"overlay-circle\"><\/div> <a href=\"https:\/\/vorcan.ca\/fr\/products\/alice-modern-minimalist-utopian-style-wardrobe\/\" target=\"_self\" class=\"portfolio-item-link self-link\" data-elementor-open-lightbox=\"no\"> <span class=\"screen-reader-text\">Garde-robe Alice Style Utopique Moderne Minimaliste<\/span> <\/a> <div class=\"links-wrapper\"> <div class=\"links\"> <\/div> <\/div> <\/div> <\/div> <div class=\"caption post-25204 thegem_pf_item type-thegem_pf_item status-publish has-post-thumbnail\"> <h2 class=\"title\"> <span class=\"title-h5\"> Garde-robe Alice Style Utopique Moderne Minimaliste <\/span> <\/h2> <div class=\"caption-separator\"><\/div> <div class=\"read-more-button\">\n<div class=\"gem-button-container gem-widget-button gem-button-position-inline\"> <a id=\"\" class=\"gem-button gem-button-size-small gem-button-style-outline\" href=\"https:\/\/vorcan.ca\/fr\/products\/alice-modern-minimalist-utopian-style-wardrobe\/\"> <span class=\"gem-inner-wrapper-btn\"> <span class=\"gem-text-button\"> Voir les d\u00e9tails <\/span> <\/span> <\/a>\n<\/div>\n<\/div> <\/div> <\/div> <\/div> <\/div><!-- .portflio-set --> <div class=\"portfolio-item-size-container\"> <div class=\"portfolio-item col-xs-12 col-sm-6 col-md-4 portfolio-item-template appearance-type-featured_image post-25204 thegem_pf_item type-thegem_pf_item status-publish has-post-thumbnail\"> <\/div> <\/div> <\/div><!-- .row--> <\/div><!-- .full-width --> <\/div><!-- .portfolio--> <\/div><!-- .portfolio-preloader-wrapper--><div class=\"clearboth\"><\/div><style>#thegem-divider-69fdd881e0e56 {margin-top: 80px !important;}<\/style><div id=\"thegem-divider-69fdd881e0e56\" class=\"gem-divider\" style=\"\" ><\/div><\/div><\/div><\/div><\/div>\n<\/div>","protected":false},"excerpt":{"rendered":"","protected":false},"author":1,"featured_media":0,"parent":0,"menu_order":0,"comment_status":"closed","ping_status":"closed","template":"","meta":{"footnotes":""},"class_list":["post-25102","page","type-page","status-publish"],"_links":{"self":[{"href":"https:\/\/vorcan.ca\/fr\/wp-json\/wp\/v2\/pages\/25102","targetHints":{"allow":["GET"]}}],"collection":[{"href":"https:\/\/vorcan.ca\/fr\/wp-json\/wp\/v2\/pages"}],"about":[{"href":"https:\/\/vorcan.ca\/fr\/wp-json\/wp\/v2\/types\/page"}],"author":[{"embeddable":true,"href":"https:\/\/vorcan.ca\/fr\/wp-json\/wp\/v2\/users\/1"}],"replies":[{"embeddable":true,"href":"https:\/\/vorcan.ca\/fr\/wp-json\/wp\/v2\/comments?post=25102"}],"version-history":[{"count":1,"href":"https:\/\/vorcan.ca\/fr\/wp-json\/wp\/v2\/pages\/25102\/revisions"}],"predecessor-version":[{"id":25449,"href":"https:\/\/vorcan.ca\/fr\/wp-json\/wp\/v2\/pages\/25102\/revisions\/25449"}],"wp:attachment":[{"href":"https:\/\/vorcan.ca\/fr\/wp-json\/wp\/v2\/media?parent=25102"}],"curies":[{"name":"wp","href":"https:\/\/api.w.org\/{rel}","templated":true}]}}