{"id":25188,"date":"2025-01-27T05:35:14","date_gmt":"2025-01-27T05:35:14","guid":{"rendered":"https:\/\/vorcan.ca\/?page_id=25188"},"modified":"2026-04-17T17:56:44","modified_gmt":"2026-04-17T21:56:44","slug":"salles-de-bains","status":"publish","type":"page","link":"https:\/\/vorcan.ca\/fr\/bathrooms\/","title":{"rendered":"Salles de bains"},"content":{"rendered":"<div class=\"wpb-content-wrapper\"><div id=\"vc_row-69e30c22b40d0\" class=\"vc_row wpb_row vc_row-fluid thegem-custom-69e30c22b40b19138\"><div class=\"wpb_column vc_column_container vc_col-sm-12 thegem-custom-69e30c22b44148711\" ><div class=\"vc_column-inner thegem-custom-inner-69e30c22b4417\"><div class=\"wpb_wrapper thegem-custom-69e30c22b44148711\"><div class=\"clearboth\"><\/div><style>#thegem-divider-69e30c22b4712 {margin-top: 20px !important;}<\/style><div id=\"thegem-divider-69e30c22b4712\" class=\"gem-divider\" style=\"\" ><\/div><div class=\"centered-box gem-image-centered-box\" ><div class=\"gem-image gem-wrapbox gem-wrapbox-style-default gem-wrapbox-position-centered  thegem-custom-69e30c22b475f3930\"  style=\"width: 80px;height: 80px;\" ><div class=\"gem-wrapbox-inner\" ><img class=\"gem-wrapbox-element img-responsive\" src=\"https:\/\/vorcan.ca\/wp-content\/uploads\/2024\/09\/bathroom-cabinet_6431149.png\" alt=\"salles de bains\"\/><\/div><style type=\"text\/css\">.thegem-custom-69e30c22b475f3930.gem-image a:hover img {filter: brightness( 100% ) contrast( 100% ) saturate( 100% ) blur( 0px ) hue-rotate( 0deg );}<\/style><\/div><\/div>\r\n\t\r\n\t\t<div class=\"wpb_text_column wpb_content_element  thegem-vc-text thegem-custom-69e30c22b4db08975\"  >\r\n\t\t\t<div class=\"wpb_wrapper\">\r\n\t\t\t\t<div class=\"title-h2\" style=\"text-align: center;\">Salles de bain<\/div>\n\r\n\t\t\t<\/div>\r\n\t\t\t<style>@media screen and (max-width: 1023px) {.thegem-vc-text.thegem-custom-69e30c22b4db08975{display: block!important;}}@media screen and (max-width: 767px) {.thegem-vc-text.thegem-custom-69e30c22b4db08975{display: block!important;}}@media screen and (max-width: 1023px) {.thegem-vc-text.thegem-custom-69e30c22b4db08975{position: relative !important;}}@media screen and (max-width: 767px) {.thegem-vc-text.thegem-custom-69e30c22b4db08975{position: relative !important;}}<\/style>\r\n\t\t<\/div>\r\n\t\r\n<div class=\"clearboth\"><\/div><style>#thegem-divider-69e30c22b4ebf {margin-top: 30px !important;}<\/style><div id=\"thegem-divider-69e30c22b4ebf\" class=\"gem-divider\" style=\"\" ><\/div>\r\n\t\r\n\t\t<div class=\"wpb_text_column wpb_content_element  thegem-vc-text thegem-custom-69e30c22b4fa48529\"  >\r\n\t\t\t<div class=\"wpb_wrapper\">\r\n\t\t\t\t<div class=\"styled-subtitle\" style=\"text-align: center;\">\n<article class=\"text-token-text-primary w-full focus:outline-none scroll-mt-&#091;calc(var(--header-height)+min(200px,max(70px,20svh)))&#093;\" dir=\"auto\" tabindex=\"-1\" data-turn-id=\"request-68978804-0dc4-8332-90c0-43b6b3ca2f79-13\" data-testid=\"conversation-turn-160\" data-scroll-anchor=\"true\" data-turn=\"assistant\">\n<div class=\"text-base my-auto mx-auto pb-10 &#091;--thread-content-margin:--spacing(4)&#093; @&#091;37rem&#093;:&#091;--thread-content-margin:--spacing(6)&#093; @&#091;72rem&#093;:&#091;--thread-content-margin:--spacing(16)&#093; px-(--thread-content-margin)\">\n<div class=\"&#091;--thread-content-max-width:32rem&#093; @&#091;34rem&#093;:&#091;--thread-content-max-width:40rem&#093; @&#091;64rem&#093;:&#091;--thread-content-max-width:48rem&#093; mx-auto max-w-(--thread-content-max-width) flex-1 group\/turn-messages focus-visible:outline-hidden relative flex w-full min-w-0 flex-col agent-turn\" tabindex=\"-1\">\n<div class=\"flex max-w-full flex-col grow\">\n<div class=\"min-h-8 text-message relative flex w-full flex-col items-end gap-2 text-start break-words whitespace-normal &#091;.text-message+&amp;&#093;:mt-5\" dir=\"auto\" data-message-author-role=\"assistant\" data-message-id=\"8fd2e8e1-4b9a-4803-9745-2d705ed7f917\" data-message-model-slug=\"gpt-4-1-mini\">\n<div class=\"flex w-full flex-col gap-1 empty:hidden first:pt-&#091;3px&#093;\">\n<div class=\"markdown prose dark:prose-invert w-full break-words light markdown-new-styling\">\n<p data-start=\"0\" data-end=\"360\" data-is-last-node=\"\" data-is-only-node=\"\">Transformez votre salle de bain en un sanctuaire de confort et de style gr\u00e2ce aux solutions de Vorcan Inc. Des meubles-lavabos contemporains aux accessoires classiques, nos produits sont con\u00e7us pour transformer votre routine quotidienne en une exp\u00e9rience luxueuse. Offrez-vous la qualit\u00e9 et l\u2019innovation qui caract\u00e9risent notre s\u00e9lection pour la salle de bain.<\/p>\n<\/div>\n<\/div>\n<\/div>\n<\/div>\n<\/div>\n<\/div>\n<\/article>\n<\/div>\n\r\n\t\t\t<\/div>\r\n\t\t\t<style>@media screen and (max-width: 1023px) {.thegem-vc-text.thegem-custom-69e30c22b4fa48529{display: block!important;}}@media screen and (max-width: 767px) {.thegem-vc-text.thegem-custom-69e30c22b4fa48529{display: block!important;}}@media screen and (max-width: 1023px) {.thegem-vc-text.thegem-custom-69e30c22b4fa48529{position: relative !important;}}@media screen and (max-width: 767px) {.thegem-vc-text.thegem-custom-69e30c22b4fa48529{position: relative !important;}}<\/style>\r\n\t\t<\/div>\r\n\t\r\n<div class=\"clearboth\"><\/div><style>#thegem-divider-69e30c22b510f {margin-top: 40px !important;}<\/style><div id=\"thegem-divider-69e30c22b510f\" class=\"gem-divider\" style=\"\" ><\/div><style>.portfolio.portfolio-grid#style-218d539 .portfolio-item:not(.size-item), .preloader#style-preloader-218d539 .portfolio-item { padding: calc(20px\/2) !important; }.portfolio.portfolio-grid#style-218d539 .portfolio-item.size-item { padding: 0 calc(20px\/2) !important; }.portfolio.portfolio-grid#style-218d539 .portfolio-row, .preloader#style-preloader-218d539 .skeleton-posts.portfolio-row { margin: calc(-20px\/2); }.portfolio.portfolio-grid#style-218d539.fullwidth-columns .portfolio-row { margin: calc(-20px\/2) 0; }.portfolio.portfolio-grid#style-218d539 .fullwidth-block:not(.no-paddings) { padding-left: 20px; padding-right: 20px; }.portfolio.portfolio-grid#style-218d539 .fullwidth-block .portfolio-row { padding-left: calc(20px\/2); padding-right: calc(20px\/2); }.portfolio.portfolio-grid#style-218d539 .fullwidth-block .portfolio-top-panel { padding-left: 20px; padding-right: 20px; }.portfolio.portfolio-grid#style-218d539.fullwidth-columns .with-filter-sidebar .filter-sidebar { padding-left: 20px; }@media (max-width: 991px) { .portfolio.portfolio-grid#style-218d539 .portfolio-item:not(.size-item), .preloader#style-preloader-218d539 .portfolio-item { padding: calc(15px\/2) !important; }.portfolio.portfolio-grid#style-218d539 .portfolio-item.size-item { padding: 0 calc(15px\/2) !important; }.portfolio.portfolio-grid#style-218d539 .portfolio-row, .preloader#style-preloader-218d539 .skeleton-posts.portfolio-row { margin: calc(-15px\/2); }.portfolio.portfolio-grid#style-218d539.fullwidth-columns .portfolio-row { margin: calc(-15px\/2) 0; }.portfolio.portfolio-grid#style-218d539 .fullwidth-block:not(.no-paddings) { padding-left: 15px; padding-right: 15px; }.portfolio.portfolio-grid#style-218d539 .fullwidth-block .portfolio-row { padding-left: calc(15px\/2); padding-right: calc(15px\/2); }.portfolio.portfolio-grid#style-218d539 .fullwidth-block .portfolio-top-panel { padding-left: 15px; padding-right: 15px; }.portfolio.portfolio-grid#style-218d539.fullwidth-columns .with-filter-sidebar .filter-sidebar { padding-left: 15px; }}@media (max-width: 767px) { .portfolio.portfolio-grid#style-218d539 .portfolio-item:not(.size-item), .preloader#style-preloader-218d539 .portfolio-item { padding: calc(15px\/2) !important; }.portfolio.portfolio-grid#style-218d539 .portfolio-item.size-item { padding: 0 calc(15px\/2) !important; }.portfolio.portfolio-grid#style-218d539 .portfolio-row, .preloader#style-preloader-218d539 .skeleton-posts.portfolio-row { margin: calc(-15px\/2); }.portfolio.portfolio-grid#style-218d539.fullwidth-columns .portfolio-row { margin: calc(-15px\/2) 0; }.portfolio.portfolio-grid#style-218d539 .fullwidth-block:not(.no-paddings) { padding-left: 15px; padding-right: 15px; }.portfolio.portfolio-grid#style-218d539 .fullwidth-block .portfolio-row { padding-left: calc(15px\/2); padding-right: calc(15px\/2); }.portfolio.portfolio-grid#style-218d539 .fullwidth-block .portfolio-top-panel { padding-left: 15px; padding-right: 15px; }.portfolio.portfolio-grid#style-218d539.fullwidth-columns .with-filter-sidebar .filter-sidebar { padding-left: 15px; }}.portfolio.portfolio-grid#style-218d539 .portfolio-item .caption .title span { letter-spacing: px !important; }.portfolio.portfolio-grid#style-218d539 .portfolio-item .caption .title { color: #000000 !important; }.portfolio.portfolio-grid#style-218d539 .portfolio-item:hover .caption .title { color: #3F3E3E !important; }.portfolio.portfolio-grid#style-218d539 .portfolio-item .caption .title span { white-space: initial; max-height: initial; display: -webkit-box; -webkit-line-clamp: 2; line-clamp: 2; -webkit-box-orient: vertical; }<\/style><style>.portfolio.portfolio-grid#style-218d539 .portfolio-filters { text-align: center; }.portfolio.portfolio-grid#style-218d539 .portfolio-item .read-more-button .gem-button { border-radius: 5px; }.portfolio.portfolio-grid#style-218d539 .portfolio-item .read-more-button .gem-button { border-width: 2px; }.portfolio.portfolio-grid#style-218d539 .portfolio-item .read-more-button .gem-button { color: #FFFFFF; }.portfolio.portfolio-grid#style-218d539 .portfolio-item .read-more-button .gem-button:hover { color: #FFFFFF; }.portfolio.portfolio-grid#style-218d539 .portfolio-item .read-more-button .gem-button { background-color: #000000; }.portfolio.portfolio-grid#style-218d539 .portfolio-item .read-more-button .gem-button:hover { background-color: #000000; }.portfolio.portfolio-grid#style-218d539 .portfolio-item .read-more-button .gem-button { border-color: #000000; }.portfolio.portfolio-grid#style-218d539 .portfolio-item .read-more-button .gem-button:hover { border-color: #FFFFFF; }<\/style> <div class=\"portfolio-preloader-wrapper panel-sidebar-position-left\"> <div class=\"portfolio portfolio-grid extended-portfolio-grid no-padding portfolio-pagination-scroll portfolio-style-justified background-style-white title-style-light hover-disabled title-on-page hover-elements-size-default version-default caption-position-page columns-3 columns-tablet-2 columns-mobile-1 disable-isotope next-page-preloading\" id=\"style-218d539\" data-style-uid=\"218d539\" data-portfolio-uid=\"grid_161727544\" data-current-page=\"1\" data-per-page=\"8\" data-next-page=\"0\" data-pages-count=\"1\" data-hover=\"disabled\" data-portfolio-filter=\"[]\" data-portfolio-filter-attributes=\"null\" data-portfolio-filter-search=\"\"> <div class=\"portfolio-row-outer\"> <div class=\"portfolio-top-panel selected-only\"> <div class=\"portfolio-filter-item portfolio-selected-filters left\"> <div class=\"portfolio-selected-filter-item clear-filters\"> Effacer les filtres\t<\/div> <\/div> <\/div> <div class=\"row portfolio-row\"> <div class=\"portfolio-set clearfix\" data-max-row-height=\"380\"> <div class=\"portfolio-item bathrooms col-xs-12 col-sm-6 col-md-4 portfolio-item-template appearance-type-featured_image post-25079 thegem_pf_item type-thegem_pf_item status-publish has-post-thumbnail\" data-default-sort=\"0\" data-sort-date=\"1737534558\"> <div class=\"wrap clearfix\"> <div class=\"image post-25079 thegem_pf_item type-thegem_pf_item status-publish has-post-thumbnail\"> <div class=\"image-inner\"> <picture> <source srcset=\"https:\/\/vorcan.ca\/wp-content\/uploads\/2025\/01\/featured-b-thegem-product-justified-square-m.png 1x\" sizes=\"100vw\"> <img src=\"https:\/\/vorcan.ca\/wp-content\/uploads\/2025\/01\/featured-b-thegem-product-justified-square-m.png\" width=\"400\" height=\"400\" class=\"attachment-thegem-product-justified-square-m\" alt=\"Meuble-lavabo suspendu en bleu sarcelle style moderne\" \/> <\/picture> <\/div> <div class=\"overlay\"> <div class=\"overlay-circle\"><\/div> <a href=\"https:\/\/vorcan.ca\/fr\/products\/wall-hung-vanity-in-teal-blue-modern-style\/\" target=\"_self\" class=\"portfolio-item-link self-link\" data-elementor-open-lightbox=\"no\"> <span class=\"screen-reader-text\">Meuble-lavabo suspendu en bleu sarcelle style moderne<\/span> <\/a> <div class=\"links-wrapper\"> <div class=\"links\"> <\/div> <\/div> <\/div> <\/div> <div class=\"caption post-25079 thegem_pf_item type-thegem_pf_item status-publish has-post-thumbnail\"> <h2 class=\"title\"> <span class=\"title-h5\"> Meuble-lavabo suspendu en bleu sarcelle style moderne <\/span> <\/h2> <div class=\"caption-separator\"><\/div> <div class=\"read-more-button\">\n<div class=\"gem-button-container gem-widget-button gem-button-position-inline\"> <a id=\"\" class=\"gem-button gem-button-size-small gem-button-style-outline\" href=\"https:\/\/vorcan.ca\/fr\/products\/wall-hung-vanity-in-teal-blue-modern-style\/\"> <span class=\"gem-inner-wrapper-btn\"> <span class=\"gem-text-button\"> Voir les d\u00e9tails <\/span> <\/span> <\/a>\n<\/div>\n<\/div> <\/div> <\/div> <\/div> <\/div><!-- .portflio-set --> <div class=\"portfolio-item-size-container\"> <div class=\"portfolio-item col-xs-12 col-sm-6 col-md-4 portfolio-item-template appearance-type-featured_image post-25079 thegem_pf_item type-thegem_pf_item status-publish has-post-thumbnail\"> <\/div> <\/div> <\/div><!-- .row--> <\/div><!-- .full-width --> <\/div><!-- .portfolio--> <\/div><!-- .portfolio-preloader-wrapper--><div class=\"clearboth\"><\/div><style>#thegem-divider-69e30c22b7f3e {margin-top: 80px !important;}<\/style><div id=\"thegem-divider-69e30c22b7f3e\" class=\"gem-divider\" style=\"\" ><\/div><\/div><\/div><\/div><\/div>\n<\/div>","protected":false},"excerpt":{"rendered":"","protected":false},"author":1,"featured_media":25006,"parent":0,"menu_order":0,"comment_status":"closed","ping_status":"closed","template":"","meta":{"footnotes":""},"class_list":["post-25188","page","type-page","status-publish","has-post-thumbnail"],"_links":{"self":[{"href":"https:\/\/vorcan.ca\/fr\/wp-json\/wp\/v2\/pages\/25188","targetHints":{"allow":["GET"]}}],"collection":[{"href":"https:\/\/vorcan.ca\/fr\/wp-json\/wp\/v2\/pages"}],"about":[{"href":"https:\/\/vorcan.ca\/fr\/wp-json\/wp\/v2\/types\/page"}],"author":[{"embeddable":true,"href":"https:\/\/vorcan.ca\/fr\/wp-json\/wp\/v2\/users\/1"}],"replies":[{"embeddable":true,"href":"https:\/\/vorcan.ca\/fr\/wp-json\/wp\/v2\/comments?post=25188"}],"version-history":[{"count":1,"href":"https:\/\/vorcan.ca\/fr\/wp-json\/wp\/v2\/pages\/25188\/revisions"}],"predecessor-version":[{"id":25447,"href":"https:\/\/vorcan.ca\/fr\/wp-json\/wp\/v2\/pages\/25188\/revisions\/25447"}],"wp:featuredmedia":[{"embeddable":true,"href":"https:\/\/vorcan.ca\/fr\/wp-json\/wp\/v2\/media\/25006"}],"wp:attachment":[{"href":"https:\/\/vorcan.ca\/fr\/wp-json\/wp\/v2\/media?parent=25188"}],"curies":[{"name":"wp","href":"https:\/\/api.w.org\/{rel}","templated":true}]}}