{"id":3,"date":"2025-01-01T06:08:24","date_gmt":"2025-01-01T06:08:24","guid":{"rendered":"https:\/\/vorcan.ca\/?page_id=3"},"modified":"2025-01-27T07:42:09","modified_gmt":"2025-01-27T07:42:09","slug":"privacy-policy","status":"publish","type":"page","link":"https:\/\/vorcan.ca\/fr\/privacy-policy\/","title":{"rendered":"Politique de confidentialit\u00e9"},"content":{"rendered":"<div class=\"wpb-content-wrapper\"><div id=\"vc_row-69fdd874c6502\" class=\"vc_row wpb_row vc_row-fluid thegem-custom-69fdd874c64ea2279\"><div class=\"wpb_column vc_column_container vc_col-sm-12 thegem-custom-69fdd874c67332405\" ><div class=\"vc_column-inner thegem-custom-inner-69fdd874c6736\"><div class=\"wpb_wrapper thegem-custom-69fdd874c67332405\"><div class=\"clearboth\"><\/div><style>#thegem-divider-69fdd874c693b {margin-top: 20px !important;}<\/style><div id=\"thegem-divider-69fdd874c693b\" class=\"gem-divider\" style=\"\" ><\/div>\r\n\t\r\n\t\t<div class=\"wpb_text_column wpb_content_element  thegem-vc-text thegem-custom-69fdd874c6ac88220\"  >\r\n\t\t\t<div class=\"wpb_wrapper\">\r\n\t\t\t\t<div class=\"title-h4\" style=\"text-align: center;\"><span style=\"color: #000000;\">Politique de confidentialit\u00e9 du site Web de Vorcan inc.<\/span><\/div>\n\r\n\t\t\t<\/div>\r\n\t\t\t<style>@media screen and (max-width: 1023px) {.thegem-vc-text.thegem-custom-69fdd874c6ac88220{display: block!important;}}@media screen and (max-width: 767px) {.thegem-vc-text.thegem-custom-69fdd874c6ac88220{display: block!important;}}@media screen and (max-width: 1023px) {.thegem-vc-text.thegem-custom-69fdd874c6ac88220{position: relative !important;}}@media screen and (max-width: 767px) {.thegem-vc-text.thegem-custom-69fdd874c6ac88220{position: relative !important;}}<\/style>\r\n\t\t<\/div>\r\n\t\r\n<div class=\"clearboth\"><\/div><style>#thegem-divider-69fdd874c6c28 {margin-top: 20px !important;}<\/style><div id=\"thegem-divider-69fdd874c6c28\" class=\"gem-divider\" style=\"\" ><\/div>\r\n\t\r\n\t\t<div class=\"wpb_text_column wpb_content_element  thegem-vc-text thegem-custom-69fdd874c6cec2045\"  >\r\n\t\t\t<div class=\"wpb_wrapper\">\r\n\t\t\t\t<p style=\"text-align: center;\">Derni\u00e8re mise \u00e0 jour : 26 janvier 2025<\/p>\n\r\n\t\t\t<\/div>\r\n\t\t\t<style>@media screen and (max-width: 1023px) {.thegem-vc-text.thegem-custom-69fdd874c6cec2045{display: block!important;}}@media screen and (max-width: 767px) {.thegem-vc-text.thegem-custom-69fdd874c6cec2045{display: block!important;}}@media screen and (max-width: 1023px) {.thegem-vc-text.thegem-custom-69fdd874c6cec2045{position: relative !important;}}@media screen and (max-width: 767px) {.thegem-vc-text.thegem-custom-69fdd874c6cec2045{position: relative !important;}}<\/style>\r\n\t\t<\/div>\r\n\t\r\n<div class=\"clearboth\"><\/div><style>#thegem-divider-69fdd874c6d90 {margin-top: 20px !important;}<\/style><div id=\"thegem-divider-69fdd874c6d90\" class=\"gem-divider\" style=\"\" ><\/div><\/div><\/div><\/div><\/div><div id=\"vc_row-69fdd874c6f71\" class=\"vc_row wpb_row vc_row-fluid thegem-custom-69fdd874c6f66651\"><div class=\"wpb_column vc_column_container vc_col-sm-12 thegem-custom-69fdd874c716d5310\" ><div class=\"vc_column-inner thegem-custom-inner-69fdd874c716f\"><div class=\"wpb_wrapper thegem-custom-69fdd874c716d5310\">\r\n\t\r\n\t\t<div class=\"wpb_text_column wpb_content_element  thegem-vc-text thegem-custom-69fdd874c73078447\"  >\r\n\t\t\t<div class=\"wpb_wrapper\">\r\n\t\t\t\t<p><span style=\"color: #000000;\"><\/span><\/p>\n<p><span style=\"color: #000000;\"><strong>Introduction<\/strong><\/span><br \/><span style=\"color: #000000;\">Vorcan Inc. respecte votre vie priv\u00e9e et s'engage \u00e0 prot\u00e9ger les informations personnelles que vous partagez avec nous. Cette politique de confidentialit\u00e9 explique comment nous collectons, utilisons, divulguons et prot\u00e9geons vos informations lorsque vous visitez notre site Web, y compris toute autre forme de m\u00e9dia, canal m\u00e9diatique, site Web mobile ou application mobile y aff\u00e9rent ou y \u00e9tant connect\u00e9.<\/span><\/p>\n<p><span style=\"color: #000000;\"><strong>Collecte d'informations<\/strong><\/span><br \/><span style=\"color: #000000;\">Vorcan Inc. collecte des informations personnelles lorsque vous :<\/span><\/p>\n<ul>\n<li><span style=\"color: #000000;\">Achetez ou exprimez votre int\u00e9r\u00eat pour nos produits ou services.<\/span><\/li>\n<li><span style=\"color: #000000;\">Contactez-nous via notre site web.<\/span><\/li>\n<li><span style=\"color: #000000;\">Visitez notre salle d'exposition. Ces informations peuvent inclure votre nom, votre adresse, votre adresse e-mail, votre num\u00e9ro de t\u00e9l\u00e9phone et toute autre information n\u00e9cessaire pour vous fournir nos produits ou services.<\/span><\/li>\n<\/ul>\n<p><span style=\"color: #000000;\"><strong>Utilisation des informations<\/strong><\/span><br \/><span style=\"color: #000000;\">Les informations personnelles collect\u00e9es sont utilis\u00e9es pour :<\/span><\/p>\n<ul>\n<li><span style=\"color: #000000;\">Traiter les transactions.<\/span><\/li>\n<li><span style=\"color: #000000;\">Fournir un service et un soutien \u00e0 la client\u00e8le.<\/span><\/li>\n<li><span style=\"color: #000000;\">Envoyez-vous du mat\u00e9riel promotionnel, si vous choisissez de vous abonner.<\/span><\/li>\n<li><span style=\"color: #000000;\">Am\u00e9liorez et personnalisez votre exp\u00e9rience d'achat.<\/span><\/li>\n<\/ul>\n<p><span style=\"color: #000000;\"><strong>Divulgation d'informations<\/strong><\/span><br \/><span style=\"color: #000000;\">Vorcan Inc. ne vendra, n'\u00e9changera ni ne louera vos informations personnelles \u00e0 des tiers. Nous pouvons partager des informations avec des prestataires de services tiers pour nous aider \u00e0 g\u00e9rer notre activit\u00e9, tels que le traitement des paiements, l'exp\u00e9dition et le marketing. Tous les tiers sont tenus de maintenir la confidentialit\u00e9 de vos informations et ont l'interdiction d'utiliser vos informations personnelles, sauf pour fournir des services \u00e0 Vorcan Inc.<\/span><\/p>\n<p><span style=\"color: #000000;\"><strong>S\u00e9curit\u00e9<\/strong><\/span><br \/><span style=\"color: #000000;\">Nous mettons en \u0153uvre une vari\u00e9t\u00e9 de mesures de s\u00e9curit\u00e9 pour garantir la protection de vos informations personnelles. Notre site Web est r\u00e9guli\u00e8rement analys\u00e9 \u00e0 la recherche de failles de s\u00e9curit\u00e9 et de vuln\u00e9rabilit\u00e9s connues afin de rendre votre visite sur notre site aussi s\u00fbre que possible.<\/span><\/p>\n<p><span style=\"color: #000000;\"><strong>Vos droits<\/strong><\/span><br \/><span style=\"color: #000000;\">Vous avez le droit de :<\/span><\/p>\n<ul>\n<li><span style=\"color: #000000;\">Acc\u00e9dez aux informations personnelles que nous d\u00e9tenons vous concernant.<\/span><\/li>\n<li><span style=\"color: #000000;\">Demande de correction d'informations incorrectes ou incompl\u00e8tes.<\/span><\/li>\n<li><span style=\"color: #000000;\">Demander la suppression de vos informations personnelles.<\/span><\/li>\n<li><span style=\"color: #000000;\">Opposer vous au traitement de vos informations personnelles.<\/span><\/li>\n<li><span style=\"color: #000000;\">Demander la restriction du traitement de vos informations personnelles.<\/span><\/li>\n<\/ul>\n<p><span style=\"color: #000000;\"><strong>Cookies et technologies similaires<\/strong><\/span><br \/><span style=\"color: #000000;\">Notre site web utilise des cookies pour am\u00e9liorer votre exp\u00e9rience et recueillir des informations sur les visiteurs et les visites sur nos sites web. Vous pouvez choisir de faire avertir votre ordinateur chaque fois qu'un cookie est envoy\u00e9, ou vous pouvez choisir de d\u00e9sactiver tous les cookies.<\/span><\/p>\n<p><span style=\"color: #000000;\"><strong>Modifications de cette politique de confidentialit\u00e9<\/strong><\/span><br \/><span style=\"color: #000000;\">Nous pouvons mettre \u00e0 jour cette politique de confidentialit\u00e9 de temps \u00e0 autre afin de refl\u00e9ter les changements apport\u00e9s \u00e0 nos pratiques, ou pour d'autres raisons op\u00e9rationnelles, l\u00e9gales ou r\u00e9glementaires. Les modifications seront signal\u00e9es sur notre site web.<\/span><\/p>\n<p><span style=\"color: #000000;\"><strong>Nous contacter<\/strong><\/span><br \/><span style=\"color: #000000;\">Si vous avez des questions concernant cette politique de confidentialit\u00e9, les pratiques de ce site ou vos relations avec ce site web, veuillez nous contacter \u00e0 l'adresse suivante : <strong><a style=\"color: #000000;\" href=\"tel:5147140389\">514 714 \u2013 0389<\/a><\/strong><\/span><\/p>\n\r\n\t\t\t<\/div>\r\n\t\t\t<style>@media screen and (max-width: 1023px) {.thegem-vc-text.thegem-custom-69fdd874c73078447{display: block!important;}}@media screen and (max-width: 767px) {.thegem-vc-text.thegem-custom-69fdd874c73078447{display: block!important;}}@media screen and (max-width: 1023px) {.thegem-vc-text.thegem-custom-69fdd874c73078447{position: relative !important;}}@media screen and (max-width: 767px) {.thegem-vc-text.thegem-custom-69fdd874c73078447{position: relative !important;}}<\/style>\r\n\t\t<\/div>\r\n\t\r\n<\/div><\/div><\/div><\/div>\n<\/div>","protected":false},"excerpt":{"rendered":"","protected":false},"author":1,"featured_media":0,"parent":0,"menu_order":0,"comment_status":"closed","ping_status":"closed","template":"","meta":{"footnotes":""},"class_list":["post-3","page","type-page","status-publish"],"_links":{"self":[{"href":"https:\/\/vorcan.ca\/fr\/wp-json\/wp\/v2\/pages\/3","targetHints":{"allow":["GET"]}}],"collection":[{"href":"https:\/\/vorcan.ca\/fr\/wp-json\/wp\/v2\/pages"}],"about":[{"href":"https:\/\/vorcan.ca\/fr\/wp-json\/wp\/v2\/types\/page"}],"author":[{"embeddable":true,"href":"https:\/\/vorcan.ca\/fr\/wp-json\/wp\/v2\/users\/1"}],"replies":[{"embeddable":true,"href":"https:\/\/vorcan.ca\/fr\/wp-json\/wp\/v2\/comments?post=3"}],"version-history":[{"count":0,"href":"https:\/\/vorcan.ca\/fr\/wp-json\/wp\/v2\/pages\/3\/revisions"}],"wp:attachment":[{"href":"https:\/\/vorcan.ca\/fr\/wp-json\/wp\/v2\/media?parent=3"}],"curies":[{"name":"wp","href":"https:\/\/api.w.org\/{rel}","templated":true}]}}